{"id":9095,"date":"2020-01-13T06:50:18","date_gmt":"2020-01-13T06:50:18","guid":{"rendered":"https:\/\/wpbingosite.com\/wordpress\/furnive\/?page_id=9095"},"modified":"2023-09-23T09:43:54","modified_gmt":"2023-09-23T09:43:54","slug":"sobre-nos","status":"publish","type":"page","link":"https:\/\/www.induflex.pt\/pt\/sobre-nos\/","title":{"rendered":"Sobre N\u00f3s"},"content":{"rendered":"\t\t<div data-elementor-type=\"wp-page\" data-elementor-id=\"9095\" class=\"elementor elementor-9095\">\n\t\t\t\t\t\t<section class=\"elementor-section elementor-top-section elementor-element elementor-element-671c35d elementor-section-boxed elementor-section-height-default elementor-section-height-default wpr-particle-no wpr-jarallax-no wpr-parallax-no wpr-sticky-section-no\" data-id=\"671c35d\" data-element_type=\"section\" data-settings=\"{&quot;background_background&quot;:&quot;classic&quot;}\">\n\t\t\t\t\t\t<div class=\"elementor-container elementor-column-gap-default\">\n\t\t\t\t\t<div class=\"elementor-column elementor-col-100 elementor-top-column elementor-element elementor-element-73535ba\" data-id=\"73535ba\" data-element_type=\"column\">\n\t\t\t<div class=\"elementor-widget-wrap elementor-element-populated\">\n\t\t\t\t\t\t<section class=\"elementor-section elementor-inner-section elementor-element elementor-element-1af1af5 elementor-section-boxed elementor-section-height-default elementor-section-height-default wpr-particle-no wpr-jarallax-no wpr-parallax-no wpr-sticky-section-no\" data-id=\"1af1af5\" data-element_type=\"section\" data-settings=\"{&quot;background_background&quot;:&quot;classic&quot;}\">\n\t\t\t\t\t\t<div class=\"elementor-container elementor-column-gap-default\">\n\t\t\t\t\t<div class=\"elementor-column elementor-col-100 elementor-inner-column elementor-element elementor-element-39442ca\" data-id=\"39442ca\" data-element_type=\"column\">\n\t\t\t<div class=\"elementor-widget-wrap elementor-element-populated\">\n\t\t\t\t\t\t<div class=\"elementor-element elementor-element-f19d076 elementor-widget elementor-widget-text-editor\" data-id=\"f19d076\" data-element_type=\"widget\" data-widget_type=\"text-editor.default\">\n\t\t\t\t<div class=\"elementor-widget-container\">\n\t\t\t<style>\/*! elementor - v3.21.0 - 22-05-2024 *\/\n.elementor-widget-text-editor.elementor-drop-cap-view-stacked .elementor-drop-cap{background-color:#69727d;color:#fff}.elementor-widget-text-editor.elementor-drop-cap-view-framed .elementor-drop-cap{color:#69727d;border:3px solid;background-color:transparent}.elementor-widget-text-editor:not(.elementor-drop-cap-view-default) .elementor-drop-cap{margin-top:8px}.elementor-widget-text-editor:not(.elementor-drop-cap-view-default) .elementor-drop-cap-letter{width:1em;height:1em}.elementor-widget-text-editor .elementor-drop-cap{float:left;text-align:center;line-height:1;font-size:50px}.elementor-widget-text-editor .elementor-drop-cap-letter{display:inline-block}<\/style>\t\t\t\t<p>A Induflex tem mais de tr\u00eas\u00a0d\u00e9cadas de experi\u00eancia e dedica\u00e7\u00e3o na ind\u00fastria de m\u00f3veis estofados. Durante esse tempo tem aplicado os seus esfor\u00e7os para manter a posi\u00e7\u00e3o da empresa como uma das l\u00edderes de mercado.<\/p><p>Combinando um s\u00f3lido know-how sobre os m\u00e9todos tradicionais mais eficazes com o investimento permanente na busca e aplica\u00e7\u00e3o dos mais recentes desenvolvimentos tecnol\u00f3gicos, a Induflex \u00e9 hoje uma empresa jovem e din\u00e2mica, cujo principal objetivo \u00e9 garantir a satisfa\u00e7\u00e3o dos seus clientes.<\/p><p>A Induflex apresenta-se no mercado como uma empresa competitiva, com recursos humanos motivados e oferecendo produtos de alta qualidade.<\/p><p>O controle rigoroso dos materiais e processos ao longo das diferentes fases de produ\u00e7\u00e3o, permitem-nos de forma eficaz satisfazer as mais altas expectativas e necessidades dos nossos clientes. O desenvolvimento, implementa\u00e7\u00e3o e cont\u00ednua de um Sistema de Gest\u00e3o da Qualidade certificado \u00e9 um dos principais objectivos da nossa estrat\u00e9gia de gest\u00e3o.<\/p><p>\u00c9 de salientar, que a Induflex \u00e9 amiga do ambiente no \u00e2mbito da realiza\u00e7\u00e3o de triagem dos res\u00edduos para os destinos apropriados.<\/p>\t\t\t\t\t\t<\/div>\n\t\t\t\t<\/div>\n\t\t\t\t<div class=\"elementor-element elementor-element-b0113b2 icon-scroll elementor-view-default elementor-widget elementor-widget-icon\" data-id=\"b0113b2\" data-element_type=\"widget\" data-widget_type=\"icon.default\">\n\t\t\t\t<div class=\"elementor-widget-container\">\n\t\t\t\t\t<div class=\"elementor-icon-wrapper\">\n\t\t\t<a class=\"elementor-icon\" href=\"#content-info\">\n\t\t\t<svg xmlns=\"http:\/\/www.w3.org\/2000\/svg\" xmlns:xlink=\"http:\/\/www.w3.org\/1999\/xlink\" xmlns:svgjs=\"http:\/\/svgjs.com\/svgjs\" width=\"512\" height=\"512\" x=\"0\" y=\"0\" viewBox=\"0 0 1560 1560\" style=\"enable-background:new 0 0 512 512\" xml:space=\"preserve\" class=\"\"><g transform=\"matrix(-1.8369701987210297e-16,1,-1,-1.8369701987210297e-16,1560.001434326172,-0.076446533203125)\"><g xmlns=\"http:\/\/www.w3.org\/2000\/svg\"><g><g><g><path d=\"m1524 811.8h-1488c-17.7 0-32-14.3-32-32s14.3-32 32-32h1410.7l-194.2-194.2c-12.5-12.5-12.5-32.8 0-45.3s32.8-12.5 45.3 0l248.9 248.9c9.2 9.2 11.9 22.9 6.9 34.9-5 11.9-16.7 19.7-29.6 19.7z\" fill=\"#000000\" data-original=\"#000000\" class=\"\"><\/path><\/g><g><path d=\"m1274.8 1061c-8.2 0-16.4-3.1-22.6-9.4-12.5-12.5-12.5-32.8 0-45.3l249.2-249.2c12.5-12.5 32.8-12.5 45.3 0s12.5 32.8 0 45.3l-249.2 249.2c-6.3 6.3-14.5 9.4-22.7 9.4z\" fill=\"#000000\" data-original=\"#000000\" class=\"\"><\/path><\/g><\/g><\/g><\/g><\/g><\/svg>\t\t\t<\/a>\n\t\t<\/div>\n\t\t\t\t<\/div>\n\t\t\t\t<\/div>\n\t\t\t\t\t<\/div>\n\t\t<\/div>\n\t\t\t\t\t<\/div>\n\t\t<\/section>\n\t\t\t\t\t<\/div>\n\t\t<\/div>\n\t\t\t\t\t<\/div>\n\t\t<\/section>\n\t\t\t\t<section class=\"elementor-section elementor-top-section elementor-element elementor-element-2d24290 elementor-section-boxed elementor-section-height-default elementor-section-height-default wpr-particle-no wpr-jarallax-no wpr-parallax-no wpr-sticky-section-no\" data-id=\"2d24290\" data-element_type=\"section\" id=\"content-info\">\n\t\t\t\t\t\t<div class=\"elementor-container elementor-column-gap-default\">\n\t\t\t\t\t<div class=\"elementor-column elementor-col-100 elementor-top-column elementor-element elementor-element-371c32e wpb-col-sm-50 m-b-15\" data-id=\"371c32e\" data-element_type=\"column\">\n\t\t\t<div class=\"elementor-widget-wrap elementor-element-populated\">\n\t\t\t\t\t\t<div class=\"elementor-element elementor-element-f878939 elementor-widget elementor-widget-image-box\" data-id=\"f878939\" data-element_type=\"widget\" data-widget_type=\"image-box.default\">\n\t\t\t\t<div class=\"elementor-widget-container\">\n\t\t\t<style>\/*! elementor - v3.21.0 - 22-05-2024 *\/\n.elementor-widget-image-box .elementor-image-box-content{width:100%}@media (min-width:768px){.elementor-widget-image-box.elementor-position-left .elementor-image-box-wrapper,.elementor-widget-image-box.elementor-position-right .elementor-image-box-wrapper{display:flex}.elementor-widget-image-box.elementor-position-right .elementor-image-box-wrapper{text-align:end;flex-direction:row-reverse}.elementor-widget-image-box.elementor-position-left .elementor-image-box-wrapper{text-align:start;flex-direction:row}.elementor-widget-image-box.elementor-position-top .elementor-image-box-img{margin:auto}.elementor-widget-image-box.elementor-vertical-align-top .elementor-image-box-wrapper{align-items:flex-start}.elementor-widget-image-box.elementor-vertical-align-middle .elementor-image-box-wrapper{align-items:center}.elementor-widget-image-box.elementor-vertical-align-bottom .elementor-image-box-wrapper{align-items:flex-end}}@media (max-width:767px){.elementor-widget-image-box .elementor-image-box-img{margin-left:auto!important;margin-right:auto!important;margin-bottom:15px}}.elementor-widget-image-box .elementor-image-box-img{display:inline-block}.elementor-widget-image-box .elementor-image-box-title a{color:inherit}.elementor-widget-image-box .elementor-image-box-wrapper{text-align:center}.elementor-widget-image-box .elementor-image-box-description{margin:0}<\/style><div class=\"elementor-image-box-wrapper\"><div class=\"elementor-image-box-content\"><h3 class=\"elementor-image-box-title\">Pesquisa & design<\/h3><p class=\"elementor-image-box-description\">Na procura de elevar a qualidade dos nossos produtos para os mais altos padr\u00f5es de exig\u00eancia, levou a Induflex a criar um departamento de Pesquisa & Design. N\u00e3o s\u00f3 este departamento visa planear e desenvolver cada modelo para nossas pr\u00f3prias cole\u00e7\u00f5es, servem tamb\u00e9m de assist\u00eancia t\u00e9cnica ao desenvolvimento de produtos espec\u00edficos para o mercado do contrato em estreita colabora\u00e7\u00e3o com arquitetos e designers de renome nacional e internacional.\n\nNa procura iminente da satisfa\u00e7\u00e3o dos nossos clientes, a Induflex trabalha juntamente com o cliente em todo o processo, criando desta forma uma rela\u00e7\u00e3o de parceria, confian\u00e7a e excel\u00eancia. Tanto ao n\u00edvel de produto, como de servi\u00e7o log\u00edstico r\u00e1pido e eficiente.<\/p><\/div><\/div>\t\t<\/div>\n\t\t\t\t<\/div>\n\t\t\t\t\t<\/div>\n\t\t<\/div>\n\t\t\t\t\t<\/div>\n\t\t<\/section>\n\t\t\t\t<section class=\"elementor-section elementor-top-section elementor-element elementor-element-178bf3c elementor-section-boxed elementor-section-height-default elementor-section-height-default wpr-particle-no wpr-jarallax-no wpr-parallax-no wpr-sticky-section-no\" data-id=\"178bf3c\" data-element_type=\"section\">\n\t\t\t\t\t\t<div class=\"elementor-container elementor-column-gap-default\">\n\t\t\t\t\t<div class=\"elementor-column elementor-col-100 elementor-top-column elementor-element elementor-element-10d21ed wpb-col-sm-50 m-b-15\" data-id=\"10d21ed\" data-element_type=\"column\">\n\t\t\t<div class=\"elementor-widget-wrap elementor-element-populated\">\n\t\t\t\t\t\t<div class=\"elementor-element elementor-element-c39b5d8 elementor-widget elementor-widget-image-box\" data-id=\"c39b5d8\" data-element_type=\"widget\" data-widget_type=\"image-box.default\">\n\t\t\t\t<div class=\"elementor-widget-container\">\n\t\t\t<div class=\"elementor-image-box-wrapper\"><div class=\"elementor-image-box-content\"><h3 class=\"elementor-image-box-title\">Pr\u00e9mios<\/h3><p class=\"elementor-image-box-description\">Induflex definiu o seu pr\u00f3prio caminho e foi reconhecido por seus esfor\u00e7os.<\/br><\/p>\n<\/br><\/p>\n\u2022 Mobis 2000 \u2013 Empresa do Ano \u2013 atribu\u00eddo por \u2018Jornal Mobili\u00e1rio em Not\u00edcia\u2019.<\/br><\/p>\n\n\u2022 Pr\u00e9mio de Design para Ind\u00fastria, 1996 \u2013 Men\u00e7\u00e3o especial pelo CPD (Centro Portugu\u00eas de Design).<\/br><\/p>\n\n\u2022 Mobis 2004 \u2013 Empresa do Ano \u2013 atribu\u00eddo por \u2018Jornal Mobili\u00e1rio em Not\u00edcia\u2019.<\/p><\/div><\/div>\t\t<\/div>\n\t\t\t\t<\/div>\n\t\t\t\t\t<\/div>\n\t\t<\/div>\n\t\t\t\t\t<\/div>\n\t\t<\/section>\n\t\t\t\t<section class=\"elementor-section elementor-top-section elementor-element elementor-element-782aed6 elementor-section-boxed elementor-section-height-default elementor-section-height-default wpr-particle-no wpr-jarallax-no wpr-parallax-no wpr-sticky-section-no\" data-id=\"782aed6\" data-element_type=\"section\">\n\t\t\t\t\t\t<div class=\"elementor-container elementor-column-gap-default\">\n\t\t\t\t\t<div class=\"elementor-column elementor-col-100 elementor-top-column elementor-element elementor-element-1bebc37\" data-id=\"1bebc37\" data-element_type=\"column\">\n\t\t\t<div class=\"elementor-widget-wrap elementor-element-populated\">\n\t\t\t\t\t\t<section class=\"elementor-section elementor-inner-section elementor-element elementor-element-7d4d863 elementor-section-boxed elementor-section-height-default elementor-section-height-default wpr-particle-no wpr-jarallax-no wpr-parallax-no wpr-sticky-section-no\" data-id=\"7d4d863\" data-element_type=\"section\" data-settings=\"{&quot;background_background&quot;:&quot;classic&quot;}\">\n\t\t\t\t\t\t<div class=\"elementor-container elementor-column-gap-default\">\n\t\t\t\t\t<div class=\"elementor-column elementor-col-50 elementor-inner-column elementor-element elementor-element-ba8ce3b\" data-id=\"ba8ce3b\" data-element_type=\"column\">\n\t\t\t<div class=\"elementor-widget-wrap elementor-element-populated\">\n\t\t\t\t\t\t<div class=\"elementor-element elementor-element-8bc9449 elementor-widget elementor-widget-heading\" data-id=\"8bc9449\" data-element_type=\"widget\" data-widget_type=\"heading.default\">\n\t\t\t\t<div class=\"elementor-widget-container\">\n\t\t\t<style>\/*! elementor - v3.21.0 - 22-05-2024 *\/\n.elementor-heading-title{padding:0;margin:0;line-height:1}.elementor-widget-heading .elementor-heading-title[class*=elementor-size-]>a{color:inherit;font-size:inherit;line-height:inherit}.elementor-widget-heading .elementor-heading-title.elementor-size-small{font-size:15px}.elementor-widget-heading .elementor-heading-title.elementor-size-medium{font-size:19px}.elementor-widget-heading .elementor-heading-title.elementor-size-large{font-size:29px}.elementor-widget-heading .elementor-heading-title.elementor-size-xl{font-size:39px}.elementor-widget-heading .elementor-heading-title.elementor-size-xxl{font-size:59px}<\/style><h2 class=\"elementor-heading-title elementor-size-default\">Testemunhos<\/h2>\t\t<\/div>\n\t\t\t\t<\/div>\n\t\t\t\t<div class=\"elementor-element elementor-element-1410a84 elementor-widget elementor-widget-bwp_testimonial\" data-id=\"1410a84\" data-element_type=\"widget\" data-widget_type=\"bwp_testimonial.default\">\n\t\t\t\t<div class=\"elementor-widget-container\">\n\t\t\t<div class=\"bwp-testimonial default\">\r\n\t<div class=\"block\">\r\n\t\t<div class=\"testimonial-title\">\r\n\t\t\t\t\t<\/div>\r\n\t<div class=\"block_content\">\r\n\t\t<div id=\"testimonial_13233467871777891461\" class=\"slick-carousel \" data-slidesToScroll=\"true\" data-nav=\"0\" data-dots=\"1\" data-columns4=\"1\" data-columns3=\"1\" data-columns2=\"1\" data-columns1=\"1\" data-columns=\"1\">\r\n\t\t\t\t\t\t\t\t\t\t\t\t<div class=\"testimonial-content\">\r\n\t\t\t\t\t\t\t\t\t\t\t\t\t\t<div class=\"item\">\r\n\t\t\t\t\t\t<div class=\"testimonial-item\">\r\n\t\t\t\t\t\t\t<div class=\"star star-5\"><\/div>\r\n\t\t\t\t\t\t\t<div class=\"testimonial-customer-position\"><p class=\"post-excerpt\">Equipe de funcion\u00e1rios muito prestativa e acolhedora. M\u00f3veis de qualidade estelar. Eu recomendo este fornecedor 100%.\n<\/p><\/div>\t\t\t\t\t\t\t\t\r\n\t\t\t\t\t\t<\/div>\r\n\t\t\t\t\t\t<div class=\"testimonial-image image-position-left\">\r\n\t\t\t\t\t\t\t<div class=\"testimonial-info\">\r\n\t\t\t\t\t\t\t\t<h2 class=\"testimonial-customer-name\">Susan Krakower<\/h2>\r\n\t\t\t\t\t\t\t\t\t\t\t\t\t\t\t<\/div>\r\n\t\t\t\t\t\t<\/div>\r\n\t\t\t\t\t<\/div>\r\n\t\t\t\t\t<!-- Wrapper for slides -->\r\n\t\t\t\t \r\n\t\t\t\t<\/div>\r\n\t\t\t\t\t\t\t\t\t<\/div>\r\n\t<\/div>\r\n <\/div>\r\n<\/div>\r\n\t\t<\/div>\n\t\t\t\t<\/div>\n\t\t\t\t\t<\/div>\n\t\t<\/div>\n\t\t\t\t<div class=\"elementor-column elementor-col-50 elementor-inner-column elementor-element elementor-element-77f86dd\" data-id=\"77f86dd\" data-element_type=\"column\">\n\t\t\t<div class=\"elementor-widget-wrap\">\n\t\t\t\t\t\t\t<\/div>\n\t\t<\/div>\n\t\t\t\t\t<\/div>\n\t\t<\/section>\n\t\t\t\t\t<\/div>\n\t\t<\/div>\n\t\t\t\t\t<\/div>\n\t\t<\/section>\n\t\t\t\t<section class=\"elementor-section elementor-top-section elementor-element elementor-element-e0c9544 elementor-section-boxed elementor-section-height-default elementor-section-height-default wpr-particle-no wpr-jarallax-no wpr-parallax-no wpr-sticky-section-no\" data-id=\"e0c9544\" data-element_type=\"section\">\n\t\t\t\t\t\t<div class=\"elementor-container elementor-column-gap-default\">\n\t\t\t\t\t<div class=\"elementor-column elementor-col-100 elementor-top-column elementor-element elementor-element-c6b5609\" data-id=\"c6b5609\" data-element_type=\"column\">\n\t\t\t<div class=\"elementor-widget-wrap elementor-element-populated\">\n\t\t\t\t\t\t<div class=\"elementor-element elementor-element-4f52f8d elementor-widget elementor-widget-heading\" data-id=\"4f52f8d\" data-element_type=\"widget\" data-widget_type=\"heading.default\">\n\t\t\t\t<div class=\"elementor-widget-container\">\n\t\t\t<h2 class=\"elementor-heading-title elementor-size-default\">Noticias<\/h2>\t\t<\/div>\n\t\t\t\t<\/div>\n\t\t\t\t<div class=\"elementor-element elementor-element-31d8cf7 elementor-widget elementor-widget-text-editor\" data-id=\"31d8cf7\" data-element_type=\"widget\" data-widget_type=\"text-editor.default\">\n\t\t\t\t<div class=\"elementor-widget-container\">\n\t\t\t\t\t\t\tLorem ipsum dolor sit amet, consectetur adipiscing elit.\t\t\t\t\t\t<\/div>\n\t\t\t\t<\/div>\n\t\t\t\t<div class=\"elementor-element elementor-element-fcdea70 elementor-widget elementor-widget-bwp_recent_post\" data-id=\"fcdea70\" data-element_type=\"widget\" data-widget_type=\"bwp_recent_post.default\">\n\t\t\t\t<div class=\"elementor-widget-container\">\n\t\t\t<div class=\"bwp-recent-post slider\">\r\n <div class=\"block\">\r\n \t\t<div class=\"block_content\">\r\n\t\t<div id=\"recent_post_1262909271777891461\" class=\"slick-carousel\" data-slidestoscroll=\"true\" data-dots=\"0\" data-nav=\"1\" data-columns4=\"1\" data-columns3=\"2\" data-columns2=\"2\" data-columns1=\"3\" data-columns=\"3\">\r\n\t\t\t\t\t\t<!-- Wrapper for slides -->\r\n\t\t\t\t\t\t\t\t<div  class=\"post-grid post-48298 post type-post status-publish format-standard has-post-thumbnail hentry category-home-decor tag-cadeira tag-dif tag-induflex\">\t\r\n\t\t\t\t\t\t<div class=\"post-inner\">\r\n\t\t\t\t\t\t\t<div class=\"post-image\">\r\n\t\t\t\t\t\t\t\t<a class=\"post-thumbnail\" href=\"https:\/\/www.induflex.pt\/pt\/dif-reinvencao-de-um-classico\/\" aria-hidden=\"true\">\r\n\t\t\t\t\t\t\t\t<img fetchpriority=\"high\" decoding=\"async\" width=\"720\" height=\"484\" src=\"https:\/\/www.induflex.pt\/wp-content\/uploads\/2025\/05\/dif-720x484.jpg\" class=\"fade-in lazyload wp-post-image\" alt=\"\" \/>\t\t\t\t\t\t\t\t<\/a>\r\n\t\t\t\t\t\t\t<\/div>\r\n\t\t\t\t\t\t\t<div class=\"post-content\">\r\n\t\t\t\t\t\t\t\t<div class=\"content-post\">\r\n\t\t\t\t\t\t\t\t\t\t\t\t\t\t\t\t\t\t\t<div class=\"post-categories\">\r\n\t\t\t\t\t\t\t\t\t\t\t<a href=\"https:\/\/www.induflex.pt\/pt\/category\/home-decor\/\">Home Decor<\/a>\r\n\t\t\t\t\t\t\t\t\t\t<\/div>\r\n\t\t\t\t\t\t\t\t\t\t\t\t\t\t\t\t\t\t<h2 class=\"entry-title\"><a href=\"https:\/\/www.induflex.pt\/pt\/dif-reinvencao-de-um-classico\/\">DIF | Reinven\u00e7\u00e3o de um Cl\u00e1ssico<\/a><\/h2>\r\n\t\t\t\t\t\t\t\t\t<div class=\"btn-read-more\"><a class=\"read-more\" href=\"https:\/\/www.induflex.pt\/pt\/dif-reinvencao-de-um-classico\/\">Read More<\/a><\/div>\r\n\t\t\t\t\t\t\t\t<\/div>\r\n\t\t\t\t\t\t\t<\/div>\r\n\t\t\t\t\t\t<\/div>\r\n\t\t\t\t\t<\/div><!-- #post-## -->\r\n\t\t\t\t\t\t\t\t\t\t<!-- Wrapper for slides -->\r\n\t\t\t\t\t\t\t\t<div  class=\"post-grid post-46755 post type-post status-publish format-standard has-post-thumbnail hentry category-uncategorized\">\t\r\n\t\t\t\t\t\t<div class=\"post-inner\">\r\n\t\t\t\t\t\t\t<div class=\"post-image\">\r\n\t\t\t\t\t\t\t\t<a class=\"post-thumbnail\" href=\"https:\/\/www.induflex.pt\/pt\/zaga-elegancia-e-nome-do-meio\/\" aria-hidden=\"true\">\r\n\t\t\t\t\t\t\t\t<img decoding=\"async\" width=\"720\" height=\"484\" src=\"https:\/\/www.induflex.pt\/wp-content\/uploads\/2024\/06\/banner-site-720x484.jpg\" class=\"fade-in lazyload wp-post-image\" alt=\"\" \/>\t\t\t\t\t\t\t\t<\/a>\r\n\t\t\t\t\t\t\t<\/div>\r\n\t\t\t\t\t\t\t<div class=\"post-content\">\r\n\t\t\t\t\t\t\t\t<div class=\"content-post\">\r\n\t\t\t\t\t\t\t\t\t\t\t\t\t\t\t\t\t\t\t<div class=\"post-categories\">\r\n\t\t\t\t\t\t\t\t\t\t\t<a href=\"https:\/\/www.induflex.pt\/pt\/category\/uncategorized\/\">Uncategorized<\/a>\r\n\t\t\t\t\t\t\t\t\t\t<\/div>\r\n\t\t\t\t\t\t\t\t\t\t\t\t\t\t\t\t\t\t<h2 class=\"entry-title\"><a href=\"https:\/\/www.induflex.pt\/pt\/zaga-elegancia-e-nome-do-meio\/\">ZAGA | eleg\u00e2ncia \u00e9 nome do meio<\/a><\/h2>\r\n\t\t\t\t\t\t\t\t\t<div class=\"btn-read-more\"><a class=\"read-more\" href=\"https:\/\/www.induflex.pt\/pt\/zaga-elegancia-e-nome-do-meio\/\">Read More<\/a><\/div>\r\n\t\t\t\t\t\t\t\t<\/div>\r\n\t\t\t\t\t\t\t<\/div>\r\n\t\t\t\t\t\t<\/div>\r\n\t\t\t\t\t<\/div><!-- #post-## -->\r\n\t\t\t\t\t\t\t\t\t\t<!-- Wrapper for slides -->\r\n\t\t\t\t\t\t\t\t<div  class=\"post-grid post-45519 post type-post status-publish format-standard has-post-thumbnail hentry category-home-decor\">\t\r\n\t\t\t\t\t\t<div class=\"post-inner\">\r\n\t\t\t\t\t\t\t<div class=\"post-image\">\r\n\t\t\t\t\t\t\t\t<a class=\"post-thumbnail\" href=\"https:\/\/www.induflex.pt\/pt\/koy-olhares-com-linhas-suaves\/\" aria-hidden=\"true\">\r\n\t\t\t\t\t\t\t\t<img decoding=\"async\" width=\"720\" height=\"484\" src=\"https:\/\/www.induflex.pt\/wp-content\/uploads\/2024\/05\/koi_01-720x484.webp\" class=\"fade-in lazyload wp-post-image\" alt=\"\" \/>\t\t\t\t\t\t\t\t<\/a>\r\n\t\t\t\t\t\t\t<\/div>\r\n\t\t\t\t\t\t\t<div class=\"post-content\">\r\n\t\t\t\t\t\t\t\t<div class=\"content-post\">\r\n\t\t\t\t\t\t\t\t\t\t\t\t\t\t\t\t\t\t\t<div class=\"post-categories\">\r\n\t\t\t\t\t\t\t\t\t\t\t<a href=\"https:\/\/www.induflex.pt\/pt\/category\/home-decor\/\">Home Decor<\/a>\r\n\t\t\t\t\t\t\t\t\t\t<\/div>\r\n\t\t\t\t\t\t\t\t\t\t\t\t\t\t\t\t\t\t<h2 class=\"entry-title\"><a href=\"https:\/\/www.induflex.pt\/pt\/koy-olhares-com-linhas-suaves\/\">KOY | olhares com linhas suaves<\/a><\/h2>\r\n\t\t\t\t\t\t\t\t\t<div class=\"btn-read-more\"><a class=\"read-more\" href=\"https:\/\/www.induflex.pt\/pt\/koy-olhares-com-linhas-suaves\/\">Read More<\/a><\/div>\r\n\t\t\t\t\t\t\t\t<\/div>\r\n\t\t\t\t\t\t\t<\/div>\r\n\t\t\t\t\t\t<\/div>\r\n\t\t\t\t\t<\/div><!-- #post-## -->\r\n\t\t\t\t\t\t\t\t\t\t<!-- Wrapper for slides -->\r\n\t\t\t\t\t\t\t\t<div  class=\"post-grid post-45275 post type-post status-publish format-standard has-post-thumbnail hentry category-home-decor\">\t\r\n\t\t\t\t\t\t<div class=\"post-inner\">\r\n\t\t\t\t\t\t\t<div class=\"post-image\">\r\n\t\t\t\t\t\t\t\t<a class=\"post-thumbnail\" href=\"https:\/\/www.induflex.pt\/pt\/heitor\/\" aria-hidden=\"true\">\r\n\t\t\t\t\t\t\t\t<img loading=\"lazy\" decoding=\"async\" width=\"720\" height=\"484\" src=\"https:\/\/www.induflex.pt\/wp-content\/uploads\/2024\/04\/heitor-720x484.jpg\" class=\"fade-in lazyload wp-post-image\" alt=\"\" \/>\t\t\t\t\t\t\t\t<\/a>\r\n\t\t\t\t\t\t\t<\/div>\r\n\t\t\t\t\t\t\t<div class=\"post-content\">\r\n\t\t\t\t\t\t\t\t<div class=\"content-post\">\r\n\t\t\t\t\t\t\t\t\t\t\t\t\t\t\t\t\t\t\t<div class=\"post-categories\">\r\n\t\t\t\t\t\t\t\t\t\t\t<a href=\"https:\/\/www.induflex.pt\/pt\/category\/home-decor\/\">Home Decor<\/a>\r\n\t\t\t\t\t\t\t\t\t\t<\/div>\r\n\t\t\t\t\t\t\t\t\t\t\t\t\t\t\t\t\t\t<h2 class=\"entry-title\"><a href=\"https:\/\/www.induflex.pt\/pt\/heitor\/\">HEITOR | design cl\u00e1ssico e arrojado<\/a><\/h2>\r\n\t\t\t\t\t\t\t\t\t<div class=\"btn-read-more\"><a class=\"read-more\" href=\"https:\/\/www.induflex.pt\/pt\/heitor\/\">Read More<\/a><\/div>\r\n\t\t\t\t\t\t\t\t<\/div>\r\n\t\t\t\t\t\t\t<\/div>\r\n\t\t\t\t\t\t<\/div>\r\n\t\t\t\t\t<\/div><!-- #post-## -->\r\n\t\t\t\t\t\t\t\t\t\t<!-- Wrapper for slides -->\r\n\t\t\t\t\t\t\t\t<div  class=\"post-grid post-3976 post type-post status-publish format-standard has-post-thumbnail hentry category-home-decor\">\t\r\n\t\t\t\t\t\t<div class=\"post-inner\">\r\n\t\t\t\t\t\t\t<div class=\"post-image\">\r\n\t\t\t\t\t\t\t\t<a class=\"post-thumbnail\" href=\"https:\/\/www.induflex.pt\/pt\/scrool\/\" aria-hidden=\"true\">\r\n\t\t\t\t\t\t\t\t<img loading=\"lazy\" decoding=\"async\" width=\"720\" height=\"484\" src=\"https:\/\/www.induflex.pt\/wp-content\/uploads\/2022\/05\/scrool-for-web-3-720x484.jpg\" class=\"fade-in lazyload wp-post-image\" alt=\"\" \/>\t\t\t\t\t\t\t\t<\/a>\r\n\t\t\t\t\t\t\t<\/div>\r\n\t\t\t\t\t\t\t<div class=\"post-content\">\r\n\t\t\t\t\t\t\t\t<div class=\"content-post\">\r\n\t\t\t\t\t\t\t\t\t\t\t\t\t\t\t\t\t\t\t<div class=\"post-categories\">\r\n\t\t\t\t\t\t\t\t\t\t\t<a href=\"https:\/\/www.induflex.pt\/pt\/category\/home-decor\/\">Home Decor<\/a>\r\n\t\t\t\t\t\t\t\t\t\t<\/div>\r\n\t\t\t\t\t\t\t\t\t\t\t\t\t\t\t\t\t\t<h2 class=\"entry-title\"><a href=\"https:\/\/www.induflex.pt\/pt\/scrool\/\">SCROOL | o poder da eleg\u00e2ncia<\/a><\/h2>\r\n\t\t\t\t\t\t\t\t\t<div class=\"btn-read-more\"><a class=\"read-more\" href=\"https:\/\/www.induflex.pt\/pt\/scrool\/\">Read More<\/a><\/div>\r\n\t\t\t\t\t\t\t\t<\/div>\r\n\t\t\t\t\t\t\t<\/div>\r\n\t\t\t\t\t\t<\/div>\r\n\t\t\t\t\t<\/div><!-- #post-## -->\r\n\t\t\t\t\t\t\t\t\t<\/div>\r\n\t<\/div>\r\n <\/div>\r\n<\/div>\r\n\t\t<\/div>\n\t\t\t\t<\/div>\n\t\t\t\t\t<\/div>\n\t\t<\/div>\n\t\t\t\t\t<\/div>\n\t\t<\/section>\n\t\t\t\t<\/div>\n\t\t","protected":false},"excerpt":{"rendered":"<p>A Induflex tem mais de tr\u00eas\u00a0d\u00e9cadas de experi\u00eancia e dedica\u00e7\u00e3o na ind\u00fastria de m\u00f3veis estofados. Durante esse tempo tem aplicado os seus esfor\u00e7os para manter a posi\u00e7\u00e3o da empresa como uma das l\u00edderes de mercado. Combinando um s\u00f3lido know-how sobre os m\u00e9todos tradicionais mais eficazes com o investimento permanente na busca e aplica\u00e7\u00e3o dos mais [&hellip;]<\/p>\n","protected":false},"author":1,"featured_media":0,"parent":0,"menu_order":0,"comment_status":"closed","ping_status":"closed","template":"","meta":{"footnotes":""},"_links":{"self":[{"href":"https:\/\/www.induflex.pt\/pt\/wp-json\/wp\/v2\/pages\/9095"}],"collection":[{"href":"https:\/\/www.induflex.pt\/pt\/wp-json\/wp\/v2\/pages"}],"about":[{"href":"https:\/\/www.induflex.pt\/pt\/wp-json\/wp\/v2\/types\/page"}],"author":[{"embeddable":true,"href":"https:\/\/www.induflex.pt\/pt\/wp-json\/wp\/v2\/users\/1"}],"replies":[{"embeddable":true,"href":"https:\/\/www.induflex.pt\/pt\/wp-json\/wp\/v2\/comments?post=9095"}],"version-history":[{"count":0,"href":"https:\/\/www.induflex.pt\/pt\/wp-json\/wp\/v2\/pages\/9095\/revisions"}],"wp:attachment":[{"href":"https:\/\/www.induflex.pt\/pt\/wp-json\/wp\/v2\/media?parent=9095"}],"curies":[{"name":"wp","href":"https:\/\/api.w.org\/{rel}","templated":true}]}}