{"id":36872,"date":"2022-07-29T08:58:00","date_gmt":"2022-07-29T08:58:00","guid":{"rendered":"https:\/\/wpbingosite.com\/wordpress\/furnive\/?page_id=36872"},"modified":"2024-04-18T17:14:58","modified_gmt":"2024-04-18T17:14:58","slug":"noticias","status":"publish","type":"page","link":"https:\/\/www.induflex.pt\/pt\/noticias\/","title":{"rendered":"Noticias"},"content":{"rendered":"\t\t<div data-elementor-type=\"wp-page\" data-elementor-id=\"36872\" class=\"elementor elementor-36872\">\n\t\t\t\t\t\t<section class=\"elementor-section elementor-top-section elementor-element elementor-element-93fd159 elementor-section-boxed elementor-section-height-default elementor-section-height-default wpr-particle-no wpr-jarallax-no wpr-parallax-no wpr-sticky-section-no\" data-id=\"93fd159\" data-element_type=\"section\">\n\t\t\t\t\t\t<div class=\"elementor-container elementor-column-gap-default\">\n\t\t\t\t\t<div class=\"elementor-column elementor-col-100 elementor-top-column elementor-element elementor-element-d0dcad7\" data-id=\"d0dcad7\" data-element_type=\"column\">\n\t\t\t<div class=\"elementor-widget-wrap elementor-element-populated\">\n\t\t\t\t\t\t<div class=\"elementor-element elementor-element-9dfe704 elementor-widget elementor-widget-bwp_recent_post\" data-id=\"9dfe704\" data-element_type=\"widget\" data-widget_type=\"bwp_recent_post.default\">\n\t\t\t\t<div class=\"elementor-widget-container\">\n\t\t\t<div class=\"bwp-recent-post slider\">\r\n <div class=\"block\">\r\n \t\t<div class=\"block_content\">\r\n\t\t<div id=\"recent_post_9240785601778410901\" class=\"slick-carousel\" data-slidestoscroll=\"true\" data-dots=\"0\" data-nav=\"1\" data-columns4=\"1\" data-columns3=\"2\" data-columns2=\"2\" data-columns1=\"3\" data-columns=\"3\">\r\n\t\t\t\t\t\t<!-- Wrapper for slides -->\r\n\t\t\t\t\t\t\t\t<div  class=\"post-grid post-48298 post type-post status-publish format-standard has-post-thumbnail hentry category-home-decor tag-cadeira tag-dif tag-induflex\">\t\r\n\t\t\t\t\t\t<div class=\"post-inner\">\r\n\t\t\t\t\t\t\t<div class=\"post-image\">\r\n\t\t\t\t\t\t\t\t<a class=\"post-thumbnail\" href=\"https:\/\/www.induflex.pt\/pt\/dif-reinvencao-de-um-classico\/\" aria-hidden=\"true\">\r\n\t\t\t\t\t\t\t\t<img fetchpriority=\"high\" decoding=\"async\" width=\"720\" height=\"484\" src=\"https:\/\/www.induflex.pt\/wp-content\/uploads\/2025\/05\/dif-720x484.jpg\" class=\"fade-in lazyload wp-post-image\" alt=\"\" \/>\t\t\t\t\t\t\t\t<\/a>\r\n\t\t\t\t\t\t\t<\/div>\r\n\t\t\t\t\t\t\t<div class=\"post-content\">\r\n\t\t\t\t\t\t\t\t<div class=\"content-post\">\r\n\t\t\t\t\t\t\t\t\t\t\t\t\t\t\t\t\t\t\t<div class=\"post-categories\">\r\n\t\t\t\t\t\t\t\t\t\t\t<a href=\"https:\/\/www.induflex.pt\/pt\/category\/home-decor\/\">Home Decor<\/a>\r\n\t\t\t\t\t\t\t\t\t\t<\/div>\r\n\t\t\t\t\t\t\t\t\t\t\t\t\t\t\t\t\t\t<h2 class=\"entry-title\"><a href=\"https:\/\/www.induflex.pt\/pt\/dif-reinvencao-de-um-classico\/\">DIF | Reinven\u00e7\u00e3o de um Cl\u00e1ssico<\/a><\/h2>\r\n\t\t\t\t\t\t\t\t\t<div class=\"btn-read-more\"><a class=\"read-more\" href=\"https:\/\/www.induflex.pt\/pt\/dif-reinvencao-de-um-classico\/\">Read More<\/a><\/div>\r\n\t\t\t\t\t\t\t\t<\/div>\r\n\t\t\t\t\t\t\t<\/div>\r\n\t\t\t\t\t\t<\/div>\r\n\t\t\t\t\t<\/div><!-- #post-## -->\r\n\t\t\t\t\t\t\t\t\t\t<!-- Wrapper for slides -->\r\n\t\t\t\t\t\t\t\t<div  class=\"post-grid post-46755 post type-post status-publish format-standard has-post-thumbnail hentry category-uncategorized\">\t\r\n\t\t\t\t\t\t<div class=\"post-inner\">\r\n\t\t\t\t\t\t\t<div class=\"post-image\">\r\n\t\t\t\t\t\t\t\t<a class=\"post-thumbnail\" href=\"https:\/\/www.induflex.pt\/pt\/zaga-elegancia-e-nome-do-meio\/\" aria-hidden=\"true\">\r\n\t\t\t\t\t\t\t\t<img decoding=\"async\" width=\"720\" height=\"484\" src=\"https:\/\/www.induflex.pt\/wp-content\/uploads\/2024\/06\/banner-site-720x484.jpg\" class=\"fade-in lazyload wp-post-image\" alt=\"\" \/>\t\t\t\t\t\t\t\t<\/a>\r\n\t\t\t\t\t\t\t<\/div>\r\n\t\t\t\t\t\t\t<div class=\"post-content\">\r\n\t\t\t\t\t\t\t\t<div class=\"content-post\">\r\n\t\t\t\t\t\t\t\t\t\t\t\t\t\t\t\t\t\t\t<div class=\"post-categories\">\r\n\t\t\t\t\t\t\t\t\t\t\t<a href=\"https:\/\/www.induflex.pt\/pt\/category\/uncategorized\/\">Uncategorized<\/a>\r\n\t\t\t\t\t\t\t\t\t\t<\/div>\r\n\t\t\t\t\t\t\t\t\t\t\t\t\t\t\t\t\t\t<h2 class=\"entry-title\"><a href=\"https:\/\/www.induflex.pt\/pt\/zaga-elegancia-e-nome-do-meio\/\">ZAGA | eleg\u00e2ncia \u00e9 nome do meio<\/a><\/h2>\r\n\t\t\t\t\t\t\t\t\t<div class=\"btn-read-more\"><a class=\"read-more\" href=\"https:\/\/www.induflex.pt\/pt\/zaga-elegancia-e-nome-do-meio\/\">Read More<\/a><\/div>\r\n\t\t\t\t\t\t\t\t<\/div>\r\n\t\t\t\t\t\t\t<\/div>\r\n\t\t\t\t\t\t<\/div>\r\n\t\t\t\t\t<\/div><!-- #post-## -->\r\n\t\t\t\t\t\t\t\t\t\t<!-- Wrapper for slides -->\r\n\t\t\t\t\t\t\t\t<div  class=\"post-grid post-45519 post type-post status-publish format-standard has-post-thumbnail hentry category-home-decor\">\t\r\n\t\t\t\t\t\t<div class=\"post-inner\">\r\n\t\t\t\t\t\t\t<div class=\"post-image\">\r\n\t\t\t\t\t\t\t\t<a class=\"post-thumbnail\" href=\"https:\/\/www.induflex.pt\/pt\/koy-olhares-com-linhas-suaves\/\" aria-hidden=\"true\">\r\n\t\t\t\t\t\t\t\t<img decoding=\"async\" width=\"720\" height=\"484\" src=\"https:\/\/www.induflex.pt\/wp-content\/uploads\/2024\/05\/koi_01-720x484.webp\" class=\"fade-in lazyload wp-post-image\" alt=\"\" \/>\t\t\t\t\t\t\t\t<\/a>\r\n\t\t\t\t\t\t\t<\/div>\r\n\t\t\t\t\t\t\t<div class=\"post-content\">\r\n\t\t\t\t\t\t\t\t<div class=\"content-post\">\r\n\t\t\t\t\t\t\t\t\t\t\t\t\t\t\t\t\t\t\t<div class=\"post-categories\">\r\n\t\t\t\t\t\t\t\t\t\t\t<a href=\"https:\/\/www.induflex.pt\/pt\/category\/home-decor\/\">Home Decor<\/a>\r\n\t\t\t\t\t\t\t\t\t\t<\/div>\r\n\t\t\t\t\t\t\t\t\t\t\t\t\t\t\t\t\t\t<h2 class=\"entry-title\"><a href=\"https:\/\/www.induflex.pt\/pt\/koy-olhares-com-linhas-suaves\/\">KOY | olhares com linhas suaves<\/a><\/h2>\r\n\t\t\t\t\t\t\t\t\t<div class=\"btn-read-more\"><a class=\"read-more\" href=\"https:\/\/www.induflex.pt\/pt\/koy-olhares-com-linhas-suaves\/\">Read More<\/a><\/div>\r\n\t\t\t\t\t\t\t\t<\/div>\r\n\t\t\t\t\t\t\t<\/div>\r\n\t\t\t\t\t\t<\/div>\r\n\t\t\t\t\t<\/div><!-- #post-## -->\r\n\t\t\t\t\t\t\t\t\t\t<!-- Wrapper for slides -->\r\n\t\t\t\t\t\t\t\t<div  class=\"post-grid post-45275 post type-post status-publish format-standard has-post-thumbnail hentry category-home-decor\">\t\r\n\t\t\t\t\t\t<div class=\"post-inner\">\r\n\t\t\t\t\t\t\t<div class=\"post-image\">\r\n\t\t\t\t\t\t\t\t<a class=\"post-thumbnail\" href=\"https:\/\/www.induflex.pt\/pt\/heitor\/\" aria-hidden=\"true\">\r\n\t\t\t\t\t\t\t\t<img loading=\"lazy\" decoding=\"async\" width=\"720\" height=\"484\" src=\"https:\/\/www.induflex.pt\/wp-content\/uploads\/2024\/04\/heitor-720x484.jpg\" class=\"fade-in lazyload wp-post-image\" alt=\"\" \/>\t\t\t\t\t\t\t\t<\/a>\r\n\t\t\t\t\t\t\t<\/div>\r\n\t\t\t\t\t\t\t<div class=\"post-content\">\r\n\t\t\t\t\t\t\t\t<div class=\"content-post\">\r\n\t\t\t\t\t\t\t\t\t\t\t\t\t\t\t\t\t\t\t<div class=\"post-categories\">\r\n\t\t\t\t\t\t\t\t\t\t\t<a href=\"https:\/\/www.induflex.pt\/pt\/category\/home-decor\/\">Home Decor<\/a>\r\n\t\t\t\t\t\t\t\t\t\t<\/div>\r\n\t\t\t\t\t\t\t\t\t\t\t\t\t\t\t\t\t\t<h2 class=\"entry-title\"><a href=\"https:\/\/www.induflex.pt\/pt\/heitor\/\">HEITOR | design cl\u00e1ssico e arrojado<\/a><\/h2>\r\n\t\t\t\t\t\t\t\t\t<div class=\"btn-read-more\"><a class=\"read-more\" href=\"https:\/\/www.induflex.pt\/pt\/heitor\/\">Read More<\/a><\/div>\r\n\t\t\t\t\t\t\t\t<\/div>\r\n\t\t\t\t\t\t\t<\/div>\r\n\t\t\t\t\t\t<\/div>\r\n\t\t\t\t\t<\/div><!-- #post-## -->\r\n\t\t\t\t\t\t\t\t\t\t<!-- Wrapper for slides -->\r\n\t\t\t\t\t\t\t\t<div  class=\"post-grid post-3976 post type-post status-publish format-standard has-post-thumbnail hentry category-home-decor\">\t\r\n\t\t\t\t\t\t<div class=\"post-inner\">\r\n\t\t\t\t\t\t\t<div class=\"post-image\">\r\n\t\t\t\t\t\t\t\t<a class=\"post-thumbnail\" href=\"https:\/\/www.induflex.pt\/pt\/scrool\/\" aria-hidden=\"true\">\r\n\t\t\t\t\t\t\t\t<img loading=\"lazy\" decoding=\"async\" width=\"720\" height=\"484\" src=\"https:\/\/www.induflex.pt\/wp-content\/uploads\/2022\/05\/scrool-for-web-3-720x484.jpg\" class=\"fade-in lazyload wp-post-image\" alt=\"\" \/>\t\t\t\t\t\t\t\t<\/a>\r\n\t\t\t\t\t\t\t<\/div>\r\n\t\t\t\t\t\t\t<div class=\"post-content\">\r\n\t\t\t\t\t\t\t\t<div class=\"content-post\">\r\n\t\t\t\t\t\t\t\t\t\t\t\t\t\t\t\t\t\t\t<div class=\"post-categories\">\r\n\t\t\t\t\t\t\t\t\t\t\t<a href=\"https:\/\/www.induflex.pt\/pt\/category\/home-decor\/\">Home Decor<\/a>\r\n\t\t\t\t\t\t\t\t\t\t<\/div>\r\n\t\t\t\t\t\t\t\t\t\t\t\t\t\t\t\t\t\t<h2 class=\"entry-title\"><a href=\"https:\/\/www.induflex.pt\/pt\/scrool\/\">SCROOL | o poder da eleg\u00e2ncia<\/a><\/h2>\r\n\t\t\t\t\t\t\t\t\t<div class=\"btn-read-more\"><a class=\"read-more\" href=\"https:\/\/www.induflex.pt\/pt\/scrool\/\">Read More<\/a><\/div>\r\n\t\t\t\t\t\t\t\t<\/div>\r\n\t\t\t\t\t\t\t<\/div>\r\n\t\t\t\t\t\t<\/div>\r\n\t\t\t\t\t<\/div><!-- #post-## -->\r\n\t\t\t\t\t\t\t\t\t<\/div>\r\n\t<\/div>\r\n <\/div>\r\n<\/div>\r\n\t\t<\/div>\n\t\t\t\t<\/div>\n\t\t\t\t\t<\/div>\n\t\t<\/div>\n\t\t\t\t\t<\/div>\n\t\t<\/section>\n\t\t\t\t<\/div>\n\t\t","protected":false},"excerpt":{"rendered":"<p>Dining &amp; Kitchen Easy Fixes For Home Decor Read More Furniture How To Make Your Home A Showplace Read More Home Decor Stunning Furniture With Aesthetic Appeal Read More Office How To Choose The Right Sectional Sofa Read More Life Style Post format gallery blogs Read More Furniture Post format audio blogs Read More<\/p>\n","protected":false},"author":1,"featured_media":0,"parent":0,"menu_order":0,"comment_status":"closed","ping_status":"closed","template":"","meta":{"footnotes":""},"_links":{"self":[{"href":"https:\/\/www.induflex.pt\/pt\/wp-json\/wp\/v2\/pages\/36872"}],"collection":[{"href":"https:\/\/www.induflex.pt\/pt\/wp-json\/wp\/v2\/pages"}],"about":[{"href":"https:\/\/www.induflex.pt\/pt\/wp-json\/wp\/v2\/types\/page"}],"author":[{"embeddable":true,"href":"https:\/\/www.induflex.pt\/pt\/wp-json\/wp\/v2\/users\/1"}],"replies":[{"embeddable":true,"href":"https:\/\/www.induflex.pt\/pt\/wp-json\/wp\/v2\/comments?post=36872"}],"version-history":[{"count":0,"href":"https:\/\/www.induflex.pt\/pt\/wp-json\/wp\/v2\/pages\/36872\/revisions"}],"wp:attachment":[{"href":"https:\/\/www.induflex.pt\/pt\/wp-json\/wp\/v2\/media?parent=36872"}],"curies":[{"name":"wp","href":"https:\/\/api.w.org\/{rel}","templated":true}]}}