{"id":3,"date":"2023-09-12T11:27:21","date_gmt":"2023-09-12T11:27:21","guid":{"rendered":"https:\/\/www.induflex.pt\/?page_id=3"},"modified":"2023-09-14T14:05:06","modified_gmt":"2023-09-14T14:05:06","slug":"politica-de-privacidade","status":"publish","type":"page","link":"https:\/\/www.induflex.pt\/pt\/politica-de-privacidade\/","title":{"rendered":"POLITICA DE PRIVACIDADE"},"content":{"rendered":"\n<p>A Pol\u00edtica de Privacidade regula o tratamento de dados de car\u00e1cter pessoal realizado no website www.induflex.pt.<\/p>\n\n\n\n<p>O utilizador do website deve ler atentamente a presente Pol\u00edtica de Privacidade sempre que se propuser utilizar o website, j\u00e1 que esta pode sofrer modifica\u00e7\u00f5es sem aviso pr\u00e9vio.<\/p>\n\n\n\n<p><strong>1.Defini\u00e7\u00e3o<\/strong><\/p>\n\n\n\n<p>1.1 Por dados pessoais deve ser entendida a informa\u00e7\u00e3o, de qualquer natureza e suporte, incluindo-se o som e imagem, relativa a uma pessoa singular identificada ou identific\u00e1vel. \u00c9 considerada como identific\u00e1vel uma pessoa que possa ser identificada, direta ou indiretamente, designadamente por refer\u00eancia a um n\u00famero de identifica\u00e7\u00e3o ou a um ou mais elementos espec\u00edficos da sua identidade f\u00edsica, fisiol\u00f3gica, ps\u00edquica, econ\u00f3mica, cultural ou social.<\/p>\n\n\n\n<p><strong>2.Respons\u00e1vel pelo tratamento e Autoridade de controlo nacional<\/strong><\/p>\n\n\n\n<p>2.1 A INDUFLEX INDUSTRIA ESTOFOS S A. \u00e9 a entidade respons\u00e1vel pela recolha e tratamento dos dados pessoais dos utilizadores, designadamente, pelas categorias de dados recolhidos, qual o tratamento dos mesmos e as finalidades para que s\u00e3o utilizados.<\/p>\n\n\n\n<p>2.2 Autoridade de controlo nacional<br>A autoridade de controlo nacional \u00e9 a Comiss\u00e3o nacional de Prote\u00e7\u00e3o de dados (CNPD):<br>Rua de S\u00e3o Bento, n\u00ba 148, 3\u00ba<br>1200-821 LISBOA<br>geral@cnpd.pt<\/p>\n\n\n\n<ol start=\"3\">\n<li><strong>Tipos de dados pessoais e finalidades do tratamento<\/strong><\/li>\n<\/ol>\n\n\n\n<p>3.1 Acesso ao website e navega\u00e7\u00e3o: com o acesso ao website s\u00e3o recolhidos de forma autom\u00e1tica um conjunto de dados inform\u00e1ticos, que s\u00e3o gravados de forma tempor\u00e1ria em ficheiros pr\u00f3prios, sendo eliminados de forma tamb\u00e9m autom\u00e1tica ap\u00f3s determinado per\u00edodo. A recolha destes dados tem objetivos meramente t\u00e9cnicos, como sejam a configura\u00e7\u00e3o da liga\u00e7\u00e3o, a seguran\u00e7a do sistema, a administra\u00e7\u00e3o t\u00e9cnica da rede e a otimiza\u00e7\u00e3o do website. S\u00e3o os seguintes, os dados pessoais recolhidos com esta finalidade: a) Endere\u00e7o IP do processador requerente; b) Data e hora de acesso; c) Nome e URL do ficheiro transferido; d) Volume dos dados transmitidos; e) Indica\u00e7\u00e3o sobre se a transfer\u00eancia foi efetuada com \u00eaxito; f) Dados de identifica\u00e7\u00e3o do software do navegador e do sistema operativo; g) S\u00edtio Web a partir do qual acedeu ao nosso s\u00edtio; h) Nome do fornecedor de servi\u00e7o de Internet. A recolha destes dados visa apenas tornar poss\u00edvel responder ao seu contacto e prestar-lhe as informa\u00e7\u00f5es de que necessitar.<\/p>\n\n\n\n<p>3.2 Newsletters: a INDUFLEX INDUSTRIA ESTOFOS S A. disponibiliza a possibilidade de subscri\u00e7\u00e3o de um servi\u00e7o gratuito de newsletters aos visitantes do seu website. A finalidade deste servi\u00e7o visa levar ao conhecimento dos seus subscritores informa\u00e7\u00e3o relevante dentro das \u00e1reas de interesse abrangidas pelos servi\u00e7os prestados pela INDUFLEX INDUSTRIA ESTOFOS S A. Para poder usufruir deste servi\u00e7o ter\u00e1 necessariamente que fornecer o seu endere\u00e7o de email. Poder\u00e1 cancelar a subscri\u00e7\u00e3o do servi\u00e7o das newsletters a qualquer momento, bastando seguir as indica\u00e7\u00f5es nesse sentido presentes no final de cada newsletter.<\/p>\n\n\n\n<p>3.3 O Utilizador garante que os dados pessoais facultados \u00e0 INDUFLEX INDUSTRIA ESTOFOS S A s\u00e3o verdadeiros e torna-se respons\u00e1vel por comunicar qualquer altera\u00e7\u00e3o dos mesmos.<\/p>\n\n\n\n<ol start=\"4\">\n<li><strong>Fornecimento de dados a terceiros<\/strong><\/li>\n<\/ol>\n\n\n\n<p>4.1 Salvo disposi\u00e7\u00e3o em contr\u00e1rio, os seus dados pessoais n\u00e3o ser\u00e3o divulgados a terceiros sem o seu consentimento expl\u00edcito.<\/p>\n\n\n\n<p>4.2 Os seus dados pessoais poder\u00e3o, contudo, ser divulgados a terceiros prestadores de servi\u00e7os que auxiliem a INDUFLEX INDUSTRIA ESTOFOS S A. no exerc\u00edcio da sua atividade tais como servi\u00e7os de alojamento de p\u00e1gina web, correio eletr\u00f3nico, processamento de pagamentos, envios e entregas, transporte e pagamento gest\u00e3o de marca e promo\u00e7\u00f5es de produtos. Na medida do poss\u00edvel, a INDUFLEX INDUSTRIA ESTOFOS S A. procura garantir que as entidades que t\u00eam acesso aos dados pessoais s\u00e3o cred\u00edveis e oferecem elevadas garantias de prote\u00e7\u00e3o, nunca lhes sendo transmitidos dados para al\u00e9m do necess\u00e1rio \u00e0 presta\u00e7\u00e3o do servi\u00e7o contratado.<\/p>\n\n\n\n<p>4.3 Al\u00e9m disso, os seus dados pessoais poder\u00e3o ser divulgados a terceiros, para:<br>Satisfazer exig\u00eancias impostas pela lei ou pelas autoridades governamentais ou judiciais competentes;<br>Satisfazer exig\u00eancias necess\u00e1rias para instaurar ou sustentar um processo judicial ou a defesa numa a\u00e7\u00e3o judicial;<\/p>\n\n\n\n<p>Os seus dados pessoais poder\u00e3o tamb\u00e9m ser comunicados \u00e0 pol\u00edcia ou \u00e0s autoridades judiciais, em conformidade com as leis e regulamentos aplic\u00e1veis e mediante um pedido formal por parte das autoridades, para efeitos de preven\u00e7\u00e3o de fraude contra n\u00f3s (servi\u00e7os anti-fraude).<\/p>\n\n\n\n<ol start=\"5\">\n<li><strong>Armazenamento dos seus Dados Pessoais<\/strong><\/li>\n<\/ol>\n\n\n\n<p>Os dados pessoais recolhidos e tratados pela INDUFLEX INDUSTRIA ESTOFOS S A. s\u00e3o armazenados em servidores com acesso limitado, localizados em instala\u00e7\u00f5es controladas.<\/p>\n\n\n\n<ol start=\"6\">\n<li><strong>Transfer\u00eancias de dados para o estrangeiro<\/strong><\/li>\n<\/ol>\n\n\n\n<p>Caso a presta\u00e7\u00e3o de determinados servi\u00e7os pela INDUFLEX INDUSTRIA ESTOFOS S A. implique a transfer\u00eancia dos dados pessoais dos utilizadores para fora de Portugal, a INDUFLEX INDUSTRIA ESTOFOS S A. cumprir\u00e1 rigorosamente as disposi\u00e7\u00f5es legais aplic\u00e1veis, nomeadamente quanto \u00e0 determina\u00e7\u00e3o da adequabilidade de tal Pa\u00eds no que respeita a prote\u00e7\u00e3o de dados pessoais e aos requisitos aplic\u00e1veis a tais transfer\u00eancias.<\/p>\n\n\n\n<ol start=\"7\">\n<li><strong>Medidas de seguran\u00e7a<\/strong><\/li>\n<\/ol>\n\n\n\n<p>Para evitar a divulga\u00e7\u00e3o ou acesso n\u00e3o autorizado e para assegurar uma utiliza\u00e7\u00e3o apropriada dos dados pessoais dos utilizadores, a INDUFLEX INDUSTRIA ESTOFOS S A. recorre a procedimentos f\u00edsicos, t\u00e9cnicos e administrativos apropriados e razo\u00e1veis para salvaguardar a informa\u00e7\u00e3o que recolhe e trata, de forma a proteger os dados pessoais contra a sua difus\u00e3o, perda, uso indevido, altera\u00e7\u00e3o, tratamento ou acesso n\u00e3o autorizado bem como, contra qualquer outra forma de tratamento il\u00edcito.<\/p>\n\n\n\n<ol start=\"8\">\n<li><strong>Cookies<\/strong><\/li>\n<\/ol>\n\n\n\n<p>Este website utiliza cookies para melhorar o seu servi\u00e7o. Alguns cookies s\u00e3o essenciais para garantir as funcionalidades disponibilizadas, enquanto outros s\u00e3o destinadas a melhorar o desempenho e a experi\u00eancia do utilizador. N\u00e3o dever\u00e1 continuar a aceder ao nosso website ap\u00f3s o alerta sobre os cookies, se n\u00e3o concordar com a sua utiliza\u00e7\u00e3o. Para mais informa\u00e7\u00f5es sobre os cookies usados por este website e forma de os gerir e modificar, por favor consulte a nossa Politica de cookies.<\/p>\n\n\n\n<ol start=\"9\">\n<li><strong>Direitos dos Titulares dos Dados<\/strong><\/li>\n<\/ol>\n\n\n\n<p>De acordo com a legisla\u00e7\u00e3o em vigor, o utilizador tem direito de acesso e retifica\u00e7\u00e3o dos seus dados pessoais, bem como o direito de solicitar a sua elimina\u00e7\u00e3o, opor-se ao seu tratamento e obter a sua limita\u00e7\u00e3o ou portabilidade na medida em que seja aplic\u00e1vel.<\/p>\n\n\n\n<p>Pode igualmente opor-se a que os seus dados sejam utilizados com o fim de cria\u00e7\u00e3o do seu perfil de cliente; neste caso, n\u00e3o poder\u00e1 beneficiar de ofertas ou servi\u00e7os personalizados. Al\u00e9m disso, pode, a qualquer momento, pedir para deixar de receber as nossas comunica\u00e7\u00f5es para efeitos de marketing e publicidade.<\/p>\n\n\n\n<p>Estes direitos podem ser exercidos entrando diretamente em contacto com a INDUFLEX INDUSTRIA ESTOFOS S A.,<br>\u2013 por correio : INDUFLEX INDUSTRIA ESTOFOS S A.. <\/p>\n\n\n\n<p>Av. Vasco da Gama, n\u00ba7600<br>4415-957, Pedroso<br>V. N<br>\u2013 por e-mail:\u00a0<a href=\"mailto:matoll@matoll.pt\">info@induflex.pt<\/a><\/p>\n\n\n\n<ol start=\"10\">\n<li><strong>Liga\u00e7\u00e3o para redes sociais<\/strong><\/li>\n<\/ol>\n\n\n\n<p>Permitimos a liga\u00e7\u00e3o a redes sociais, mas n\u00e3o somos respons\u00e1veis pelas suas pol\u00edticas de privacidade e seguran\u00e7a. Recomendamos que as verifique.<br>Tratam-se de liga\u00e7\u00f5es a redes sociais externas \u00e0 INDUFLEX INDUSTRIA ESTOFOS S A., sujeitas a Pol\u00edticas de Privacidade pr\u00f3prias. Estas redes poder\u00e3o registar a informa\u00e7\u00e3o relativa \u00e0s atividades dos utilizadores na Internet, incluindo no nosso s\u00edtio da Internet.<br>Recomendamos a an\u00e1lise das condi\u00e7\u00f5es de utiliza\u00e7\u00e3o e das pol\u00edticas de privacidade destas redes sociais, de modo a saber exatamente como estas utilizam os dados pessoais dos utilizadores, bem como o procedimento para eliminar ou limitar o tratamento desses dados.<\/p>\n\n\n\n<ol start=\"11\">\n<li><strong>Crian\u00e7as<\/strong><\/li>\n<\/ol>\n\n\n\n<p>INDUFLEX INDUSTRIA ESTOFOS S A., n\u00e3o recolhe conscientemente dados pessoais de crian\u00e7as com idade inferior a dezoito anos. Se tiver menos de dezoito anos, n\u00e3o nos ceda dados pessoais. Se acredita que um menor cedeu dados pessoais \u00e0 INDUFLEX INDUSTRIA ESTOFOS S A., entre em contacto connosco para efetuarmos todos os esfor\u00e7os no sentido de apagar esses dados pessoais das nossas bases de dados.<\/p>\n\n\n\n<ol start=\"12\">\n<li><strong>Direito aplic\u00e1vel<\/strong><\/li>\n<\/ol>\n\n\n\n<p>12.1 Em caso de controv\u00e9rsia ou reclama\u00e7\u00e3o de qualquer natureza relacionada com este website ser\u00e1 aplic\u00e1vel a lei portuguesa, independentemente de qualquer conflito de leis aplic\u00e1veis. Todas as a\u00e7\u00f5es ou procedimentos legais decorrentes ou relacionados com esta Pol\u00edtica de Privacidade, a sua validade, aplica\u00e7\u00e3o, cumprimento ou incumprimento, ou a mat\u00e9ria desta Pol\u00edtica de Privacidade, ser\u00e3o da compet\u00eancia dos tribunais portugueses, e o utilizador consente e submete-se \u00e0 jurisdi\u00e7\u00e3o destes tribunais nos casos indicados.<\/p>\n\n\n\n<p>Em caso de lit\u00edgio o consumidor pode recorrer a uma entidade de Resolu\u00e7\u00e3o Alternativa de Lit\u00edgios de Consumo (RAL).<\/p>\n\n\n\n<p>As entidade de Resolu\u00e7\u00e3o Alternativa de Lit\u00edgios de Consumo (RAL) s\u00e3o as entidades autorizadas a efetuar a media\u00e7\u00e3o, concilia\u00e7\u00e3o e arbitragem de lit\u00edgios de consumo em Portugal que estejam inscritas na lista de entidades RAL prevista pela Lei n.\u00ba 144\/2015.<\/p>\n\n\n\n<p>Para consultar a lista das Entidades de Resolu\u00e7\u00e3o Alternativa de Lit\u00edgios de Consumo<\/p>\n\n\n\n<p>clique em&nbsp;http:\/\/www.ipai.pt\/<\/p>\n\n\n\n<p>RLL<\/p>\n\n\n\n<p>A Comiss\u00e3o Europeia, atrav\u00e9s do Regulamento (UE) n. \u00ba 524\/2013 do Parlamento Europeu e do Conselho, de 21 de maio de 2013, criou a plataforma de RLL para resolu\u00e7\u00e3o alternativa de lit\u00edgios entre consumidores e comerciantes, relativos a contratos de venda ou de servi\u00e7os em linha.<\/p>\n\n\n\n<ol start=\"13\">\n<li><strong>Atualiza\u00e7\u00f5es da Presente Pol\u00edtica de Privacidade<\/strong><\/li>\n<\/ol>\n\n\n\n<p>Esta Pol\u00edtica de Privacidade est\u00e1 sujeita a altera\u00e7\u00f5es. A indica\u00e7\u00e3o da data da \u00faltima atualiza\u00e7\u00e3o a este documento consta da legenda \u201cAtualizada em\u201d, no cabe\u00e7alho deste documento. As altera\u00e7\u00f5es a esta Pol\u00edtica de Privacidade entrar\u00e3o em vigor no momento da sua publica\u00e7\u00e3o no website.<\/p>\n","protected":false},"excerpt":{"rendered":"<p>A Pol\u00edtica de Privacidade regula o tratamento de dados de car\u00e1cter pessoal realizado no website www.induflex.pt. O utilizador do website deve ler atentamente a presente Pol\u00edtica de Privacidade sempre que se propuser utilizar o website, j\u00e1 que esta pode sofrer modifica\u00e7\u00f5es sem aviso pr\u00e9vio. 1.Defini\u00e7\u00e3o 1.1 Por dados pessoais deve ser entendida a informa\u00e7\u00e3o, de [&hellip;]<\/p>\n","protected":false},"author":1,"featured_media":0,"parent":0,"menu_order":0,"comment_status":"closed","ping_status":"closed","template":"","meta":{"footnotes":""},"_links":{"self":[{"href":"https:\/\/www.induflex.pt\/pt\/wp-json\/wp\/v2\/pages\/3"}],"collection":[{"href":"https:\/\/www.induflex.pt\/pt\/wp-json\/wp\/v2\/pages"}],"about":[{"href":"https:\/\/www.induflex.pt\/pt\/wp-json\/wp\/v2\/types\/page"}],"author":[{"embeddable":true,"href":"https:\/\/www.induflex.pt\/pt\/wp-json\/wp\/v2\/users\/1"}],"replies":[{"embeddable":true,"href":"https:\/\/www.induflex.pt\/pt\/wp-json\/wp\/v2\/comments?post=3"}],"version-history":[{"count":0,"href":"https:\/\/www.induflex.pt\/pt\/wp-json\/wp\/v2\/pages\/3\/revisions"}],"wp:attachment":[{"href":"https:\/\/www.induflex.pt\/pt\/wp-json\/wp\/v2\/media?parent=3"}],"curies":[{"name":"wp","href":"https:\/\/api.w.org\/{rel}","templated":true}]}}