{"id":27350,"date":"2021-08-25T08:25:29","date_gmt":"2021-08-25T08:25:29","guid":{"rendered":"https:\/\/wpbingosite.com\/wordpress\/furnive\/?page_id=27350"},"modified":"2023-09-14T14:25:40","modified_gmt":"2023-09-14T14:25:40","slug":"politica-de-utilizacao-de-cookies","status":"publish","type":"page","link":"https:\/\/www.induflex.pt\/pt\/politica-de-utilizacao-de-cookies\/","title":{"rendered":"POL\u00cdTICA DE UTILIZA\u00c7\u00c3O DE COOKIES"},"content":{"rendered":"\n<ol>\n<li><strong>Introdu\u00e7\u00e3o<\/strong><\/li>\n<\/ol>\n\n\n\n<p>Este website utiliza Cookies apenas com a finalidade de melhorar e otimizar a experi\u00eancia dos seus utilizadores.<\/p>\n\n\n\n<ol start=\"2\">\n<li><strong>O que s\u00e3o Cookies?<\/strong><\/li>\n<\/ol>\n\n\n\n<p>S\u00e3o ficheiros de tamanho bastante reduzido que cont\u00eam informa\u00e7\u00e3o relevante para a navega\u00e7\u00e3o neste s\u00edtio da internet. Estes ficheiros s\u00e3o carregados pelo dispositivo usado para aceder a este s\u00edtio da internet (smartphone, computador, tablet, etc) atrav\u00e9s do navegador de internet (web browser) durante a visita do utilizador ao s\u00edtio da internet.<\/p>\n\n\n\n<p>Os Cookies permitem:<\/p>\n\n\n\n<ul>\n<li>Assegurar o correto funcionamento das p\u00e1ginas web.<\/li>\n\n\n\n<li>Guardar prefer\u00eancias do utilizador (ex: idioma escolhido, tamanho de letra, etc).<\/li>\n\n\n\n<li>Obter informa\u00e7\u00e3o acerca da experi\u00eancia de navega\u00e7\u00e3o proporcionada ao utilizador.<\/li>\n\n\n\n<li>Obter informa\u00e7\u00e3o estat\u00edstica an\u00f3nima acerca das p\u00e1ginas visitadas pelos utilizadores, tempo despendido no s\u00edtio da internet.<\/li>\n<\/ul>\n\n\n\n<ol start=\"3\">\n<li><strong>Objetivos do uso de Cookies<\/strong><\/li>\n<\/ol>\n\n\n\n<p>Os objetivos do uso de Cookies neste s\u00edtio da internet s\u00e3o:<\/p>\n\n\n\n<ul>\n<li>Assegurar que funciona corretamente<\/li>\n\n\n\n<li>Facilitar a navega\u00e7\u00e3o e melhorar a experi\u00eancia do utilizador.<\/li>\n<\/ul>\n\n\n\n<p>O uso de cookies permite que a navega\u00e7\u00e3o do s\u00edtio na internet seja constantemente otimizada de forma a proporcionar uma experi\u00eancia com elevada qualidade e que supere a qualidade obtida na visita anterior por parte do utilizador.<\/p>\n\n\n\n<ol start=\"4\">\n<li><strong>Tipologia e funcionalidade<\/strong><\/li>\n<\/ol>\n\n\n\n<p>De acordo com a sua perman\u00eancia, os cookies podem dividir-se em dois tipos:<\/p>\n\n\n\n<p>Cookies de sess\u00e3o:<\/p>\n\n\n\n<ul>\n<li>Expiram no momento em que a janela do navegador web \u00e9 fechada. S\u00e3o usados para fazer a liga\u00e7\u00e3o das a\u00e7\u00f5es do utilizador durante a sess\u00e3o.<\/li>\n<\/ul>\n\n\n\n<p>Cookies persistentes:<\/p>\n\n\n\n<ul>\n<li>Expiram quando a sua tarefa ou fun\u00e7\u00e3o \u00e9 desempenhada na totalidade, a sua validade expira ou s\u00e3o removidos de forma manual pelo utilizador. Ser\u00e3o reativadas em cada visita ao s\u00edtio na internet.<\/li>\n<\/ul>\n\n\n\n<p>De acordo com o seu objetivo, podem ainda ser classificados da seguinte forma:<\/p>\n\n\n\n<p>Estritamente necess\u00e1rios ou essenciais:<\/p>\n\n\n\n<ul>\n<li>S\u00e3o cookies essenciais para o funcionamento do s\u00edtio da internet. S\u00e3o respons\u00e1veis por garantir o correto funcionamento e visualiza\u00e7\u00e3o do s\u00edtio da internet. S\u00e3o ativados em resposta \u00e0s a\u00e7\u00f5es dos utilizadores tais como o procedimento de in\u00edcio de sess\u00e3o ou preenchimento de formul\u00e1rios.<\/li>\n<\/ul>\n\n\n\n<p>Desempenho:<\/p>\n\n\n\n<ul>\n<li>Dedicados a recolher dados estat\u00edsticos sobre o desempenho do s\u00edtio da internet. N\u00e3o s\u00e3o recolhidos dados de utilizadores, apenas par\u00e2metros de poss\u00edveis erros ou de desempenho de funcionalidades novas que possam estar a ser ou tenham sido implementadas no s\u00edtio da internet.<\/li>\n<\/ul>\n\n\n\n<p>Funcionalidade:<\/p>\n\n\n\n<ul>\n<li>S\u00e3o usados principalmente para dar suporte a funcionalidades do s\u00edtio da internet, podendo memorizar algumas informa\u00e7\u00f5es do utilizador, tais como o idioma escolhido, personaliza\u00e7\u00e3o da \u00e1rea do cliente, etc.<\/li>\n<\/ul>\n\n\n\n<p>Publicidade ou de alvo espec\u00edfico:<\/p>\n\n\n\n<ul>\n<li>S\u00e3o usados para registar as p\u00e1ginas que o utilizador visualizou e as liga\u00e7\u00f5es que este seguiu, de forma a fornecer ao utilizador os conte\u00fados publicit\u00e1rios mais relevantes ou interessantes para este. Esta informa\u00e7\u00e3o pode ser partilhada com terceiros e usada para avaliar a taxa de sucesso de campanhas publicit\u00e1rias.<\/li>\n<\/ul>\n\n\n\n<p>Nota: Quaisquer s\u00edtios da internet de terceiros podem conter este tipo de cookies sobre os quais n\u00e3o detemos qualquer controlo.<\/p>\n\n\n\n<ol start=\"5\">\n<li><strong>Bloquear o uso de Cookies<\/strong><\/li>\n<\/ol>\n\n\n\n<p>Caso o utilizador pretenda, este pode desativar a funcionalidade de cookies do navegador ou limitar o uso de cookies para um servi\u00e7o em particular.<\/p>\n\n\n\n<p>Habitualmente, todas as altera\u00e7\u00f5es ao n\u00edvel do navegador web referentes \u00e0 forma como s\u00e3o utilizados e\/ou s\u00e3o aceites os cookies podem ser realizadas na sec\u00e7\u00e3o de \u201cOp\u00e7\u00f5es\u201d ou \u201cPrefer\u00eancias do navegador\u201d.<\/p>\n\n\n\n<p>Seguem as instru\u00e7\u00f5es para bloquear o uso de cookies para os navegadores de internet mais comuns:<\/p>\n\n\n\n<p>Google Chrome:<\/p>\n\n\n\n<ul>\n<li>http:\/\/support.google.com\/chrome\/bin\/answer.py?hl=pt&amp;answer=95647<\/li>\n<\/ul>\n\n\n\n<p>Internet Explorer:<\/p>\n\n\n\n<ul>\n<li>http:\/\/windows.microsoft.com\/pt-pt\/windows7\/how-to-manage-cookies-in-internet-explorer-9<\/li>\n<\/ul>\n\n\n\n<p>Mozilla Firefox:<\/p>\n\n\n\n<ul>\n<li>https:\/\/support.mozilla.org\/pt-PT\/kb\/ativar-e-desativar-cookies-que-os-websites-utiliza<\/li>\n<\/ul>\n\n\n\n<p>Apple Safari:<\/p>\n\n\n\n<ul>\n<li>https:\/\/support.apple.com\/pt-pt\/HT201265<\/li>\n<\/ul>\n\n\n\n<p>Os utilizadores podem optar por n\u00e3o partilhar os seus dados com os servi\u00e7os Google. Para tal devem aceder ao Ads Preferences Manager e ao Analytics Opt-out Browser Add-on.<\/p>\n\n\n\n<p>Al\u00e9m dos meios acima descritos para os diferentes navegadores de internet, o utilizador poder\u00e1 ainda recorrer a ferramentas espec\u00edficas para o tratamento de cookies.<\/p>\n\n\n\n<ol start=\"6\">\n<li><strong>Consequ\u00eancias do bloqueio de Cookies no website<\/strong><\/li>\n<\/ol>\n\n\n\n<p>Ao serem bloqueados parcialmente ou na totalidade os cookies utilizados neste endere\u00e7o web, algumas funcionalidades e\/ou servi\u00e7os podem deixar de funcionar corretamente ou apresentar um comportamento diferente do esperado.<\/p>\n\n\n\n<p>Se o utilizador bloquear o uso de Cookies neste s\u00edtio da internet \u00e9 bastante prov\u00e1vel que deixe de poder aceder a certas zonas do s\u00edtio da internet ou que a sua experi\u00eancia de navega\u00e7\u00e3o no s\u00edtio se degrade consideravelmente.<\/p>\n\n\n\n<ol start=\"7\">\n<li><strong>Garantias adicionais e revoga\u00e7\u00e3o da aceita\u00e7\u00e3o<\/strong><\/li>\n<\/ol>\n\n\n\n<p>A INDUFLEX INDUSTRIA ESTOFOS S A n\u00e3o se responsabiliza pelo conte\u00fado e veracidade das pol\u00edticas de privacidade de quaisquer componentes de terceiros que se encontrem inclu\u00eddos neste website.<\/p>\n\n\n\n<p>O uso e registo de cookies neste website poder\u00e1 estar sujeito \u00e0 aceita\u00e7\u00e3o de Cookies por parte do utilizador durante a sua visita a este s\u00edtio da internet, \u00e0 instala\u00e7\u00e3o ou atualiza\u00e7\u00e3o do navegador usado. Esta aceita\u00e7\u00e3o pode a qualquer momento ser revogada mediante as op\u00e7\u00f5es de configura\u00e7\u00e3o de conte\u00fados e privacidade j\u00e1 referidas no ponto 4 da presente pol\u00edtica.<\/p>\n\n\n\n<ol start=\"8\">\n<li><strong>Altera\u00e7\u00e3o da Pol\u00edtica de Cookies<\/strong><\/li>\n<\/ol>\n\n\n\n<p>A INDUFLEX INDUSTRIA ESTOFOS S A reserva-se no direito de modificar esta Pol\u00edtica de cookies em fun\u00e7\u00e3o de exig\u00eancias legislativas ou regulamentares de acordo com a lei em vigor.<\/p>\n\n\n\n<p>Todas as altera\u00e7\u00f5es significativas a esta pol\u00edtica ser\u00e3o devidamente comunicadas aos utilizadores do s\u00edtio da internet.<\/p>\n\n\n\n<p>Dado que esta Pol\u00edtica de Cookies pode ser revista a qualquer momento, de acordo com o crit\u00e9rio acima descrito, a Extra Transportes recomenda aos seus utilizadores que revejam as Pol\u00edticas de Cookies periodicamente de forma a ficarem informados sobre a Pol\u00edtica de Cookies em vigor.<\/p>\n\n\n\n<p>A Pol\u00edtica de Cookies modificada entrar\u00e1 em vigor a partir da data de revis\u00e3o, sendo que esta data se encontrar\u00e1 vis\u00edvel no in\u00edcio da p\u00e1gina.<\/p>\n\n\n\n<p>Saber mais sobre\u00a0<a href=\"https:\/\/www.induflex.pt\/politica-de-privacidade\/\">Pol\u00edtica de Privacidade<\/a><\/p>\n","protected":false},"excerpt":{"rendered":"<p>Este website utiliza Cookies apenas com a finalidade de melhorar e otimizar a experi\u00eancia dos seus utilizadores. S\u00e3o ficheiros de tamanho bastante reduzido que cont\u00eam informa\u00e7\u00e3o relevante para a navega\u00e7\u00e3o neste s\u00edtio da internet. Estes ficheiros s\u00e3o carregados pelo dispositivo usado para aceder a este s\u00edtio da internet (smartphone, computador, tablet, etc) atrav\u00e9s do navegador [&hellip;]<\/p>\n","protected":false},"author":1,"featured_media":0,"parent":0,"menu_order":0,"comment_status":"closed","ping_status":"closed","template":"","meta":{"footnotes":""},"_links":{"self":[{"href":"https:\/\/www.induflex.pt\/pt\/wp-json\/wp\/v2\/pages\/27350"}],"collection":[{"href":"https:\/\/www.induflex.pt\/pt\/wp-json\/wp\/v2\/pages"}],"about":[{"href":"https:\/\/www.induflex.pt\/pt\/wp-json\/wp\/v2\/types\/page"}],"author":[{"embeddable":true,"href":"https:\/\/www.induflex.pt\/pt\/wp-json\/wp\/v2\/users\/1"}],"replies":[{"embeddable":true,"href":"https:\/\/www.induflex.pt\/pt\/wp-json\/wp\/v2\/comments?post=27350"}],"version-history":[{"count":0,"href":"https:\/\/www.induflex.pt\/pt\/wp-json\/wp\/v2\/pages\/27350\/revisions"}],"wp:attachment":[{"href":"https:\/\/www.induflex.pt\/pt\/wp-json\/wp\/v2\/media?parent=27350"}],"curies":[{"name":"wp","href":"https:\/\/api.w.org\/{rel}","templated":true}]}}